{"id":755,"date":"2022-12-21T18:33:47","date_gmt":"2022-12-21T17:33:47","guid":{"rendered":"https:\/\/oxfordwisefinance.com\/blog\/?page_id=755"},"modified":"2022-12-22T18:15:29","modified_gmt":"2022-12-22T17:15:29","slug":"our-authors","status":"publish","type":"page","link":"https:\/\/oxfordwisefinance.com\/blog\/our-authors\/","title":{"rendered":"Our Authors"},"content":{"rendered":"<p>Our professional team provides all helpful and informative articles just for you. Lets get to know them:<\/p>\n<h2>Jerome Casey<\/h2>\n<p><img data-recalc-dims=\"1\" loading=\"lazy\" decoding=\"async\" class=\"size-full wp-image-12 alignleft\" src=\"https:\/\/i0.wp.com\/oxfordwisefinance.com\/blog\/wp-content\/uploads\/2022\/08\/000966.jpg?resize=110%2C110&#038;ssl=1\" alt=\"Jerome Casey\" width=\"110\" height=\"110\" srcset=\"https:\/\/i0.wp.com\/oxfordwisefinance.com\/blog\/wp-content\/uploads\/2022\/08\/000966.jpg?w=110&amp;ssl=1 110w, https:\/\/i0.wp.com\/oxfordwisefinance.com\/blog\/wp-content\/uploads\/2022\/08\/000966.jpg?resize=70%2C70&amp;ssl=1 70w\" sizes=\"auto, (max-width: 110px) 100vw, 110px\" \/>Jerome is Montana based digital marketing and finance writer. She also loves everything about travelling and good shopping. Jerome writes content for businesses and startups that gets attention on social media and visibility on search engines.<br \/>\n<strong>Twitter<\/strong>: <a href=\"https:\/\/twitter.com\/JeromeCasey1\" target=\"_blank\" rel=\"nofollow noopener\">https:\/\/twitter.com\/JeromeCasey1<\/a><br \/>\n<strong>Linkedin:<\/strong> <a href=\"https:\/\/www.linkedin.com\/in\/jerome-casey-807a7275\/\" target=\"_blank\" rel=\"nofollow noopener\">https:\/\/www.linkedin.com\/in\/jerome-casey-807a7275\/<\/a><\/p>\n<p>&nbsp;<\/p>\n<h2>Kelly Lopez<\/h2>\n<p><img data-recalc-dims=\"1\" loading=\"lazy\" decoding=\"async\" class=\"wp-image-14 alignleft\" src=\"https:\/\/i0.wp.com\/oxfordwisefinance.com\/blog\/wp-content\/uploads\/2022\/08\/kelly-lopez.jpeg?resize=112%2C112&#038;ssl=1\" alt=\"Kelly Lopez\" width=\"112\" height=\"112\" srcset=\"https:\/\/i0.wp.com\/oxfordwisefinance.com\/blog\/wp-content\/uploads\/2022\/08\/kelly-lopez.jpeg?resize=300%2C300&amp;ssl=1 300w, https:\/\/i0.wp.com\/oxfordwisefinance.com\/blog\/wp-content\/uploads\/2022\/08\/kelly-lopez.jpeg?resize=150%2C150&amp;ssl=1 150w, https:\/\/i0.wp.com\/oxfordwisefinance.com\/blog\/wp-content\/uploads\/2022\/08\/kelly-lopez.jpeg?resize=70%2C70&amp;ssl=1 70w, https:\/\/i0.wp.com\/oxfordwisefinance.com\/blog\/wp-content\/uploads\/2022\/08\/kelly-lopez.jpeg?resize=120%2C120&amp;ssl=1 120w, https:\/\/i0.wp.com\/oxfordwisefinance.com\/blog\/wp-content\/uploads\/2022\/08\/kelly-lopez.jpeg?w=400&amp;ssl=1 400w\" sizes=\"auto, (max-width: 112px) 100vw, 112px\" \/>Kelly is a professional writer in the fields of health, beauty as well as travel and finance. She studied in Seattle, and has been working in the internet marketing industry for many years.<br \/>\n<strong>Twitter<\/strong>: <a href=\"https:\/\/twitter.com\/kellylopez1982\" target=\"_blank\" rel=\"nofollow noopener\">https:\/\/twitter.com\/kellylopez1982<\/a><br \/>\n<strong>Pinterest:<\/strong> <a href=\"https:\/\/www.pinterest.com\/kellylopez82\/\" target=\"_blank\" rel=\"nofollow noopener\">https:\/\/www.pinterest.com\/kellylopez82\/<\/a><\/p>\n<p>&nbsp;<\/p>\n<h2>Magda R\u00f3\u017ca\u0144ska<\/h2>\n<p><img data-recalc-dims=\"1\" loading=\"lazy\" decoding=\"async\" class=\"size-full wp-image-16 alignleft\" src=\"https:\/\/i0.wp.com\/oxfordwisefinance.com\/blog\/wp-content\/uploads\/2022\/08\/001029.jpg?resize=110%2C110&#038;ssl=1\" alt=\"Magda R\u00f3\u017ca\u0144ska\" width=\"110\" height=\"110\" srcset=\"https:\/\/i0.wp.com\/oxfordwisefinance.com\/blog\/wp-content\/uploads\/2022\/08\/001029.jpg?w=110&amp;ssl=1 110w, https:\/\/i0.wp.com\/oxfordwisefinance.com\/blog\/wp-content\/uploads\/2022\/08\/001029.jpg?resize=70%2C70&amp;ssl=1 70w\" sizes=\"auto, (max-width: 110px) 100vw, 110px\" \/>Magda R\u00f3\u017ca\u0144ska is a qualified copywriter specializing in particular in financial and investment matters, as well as healthy lifestyle and healthy eating. In addition, she creates texts on travel and automotive. She works with many magazines and advertising agencies, Magda also writes articles for company websites. She also owns a very popular YouTube channel with a lot of awesome videos.<br \/>\n<strong>YouTube<\/strong>: <a href=\"https:\/\/www.youtube.com\/c\/MagdaRozanska\" target=\"_blank\" rel=\"nofollow noopener\">https:\/\/www.youtube.com\/c\/MagdaRozanska<\/a><\/p>\n<p>&nbsp;<\/p>\n<h2>Miix Sephora<\/h2>\n<p><span id=\"span-26-98\" class=\"ct-span oxy-stock-content-styles\"><span id=\"lblCode\"><span class=\"CssComponent__CssInlineComponent-sc-1oskqb9-1 UserSelectableText___StyledCssInlineComponent-lsmoq4-0\"><span class=\"q-box qu-userSelect--text\"><img data-recalc-dims=\"1\" loading=\"lazy\" decoding=\"async\" class=\"size-full wp-image-20 alignleft\" src=\"https:\/\/i0.wp.com\/oxfordwisefinance.com\/blog\/wp-content\/uploads\/2022\/08\/001796.jpg?resize=110%2C110&#038;ssl=1\" alt=\"Miix Sephora\" width=\"110\" height=\"110\" srcset=\"https:\/\/i0.wp.com\/oxfordwisefinance.com\/blog\/wp-content\/uploads\/2022\/08\/001796.jpg?w=110&amp;ssl=1 110w, https:\/\/i0.wp.com\/oxfordwisefinance.com\/blog\/wp-content\/uploads\/2022\/08\/001796.jpg?resize=70%2C70&amp;ssl=1 70w\" sizes=\"auto, (max-width: 110px) 100vw, 110px\" \/>Miix Sephora graduated from the University of Hawaii<\/span><\/span>. In 2012 she was merchandising crayon art in Europe. Practiced in the art of merchandising Uno in Fort Lauderdale, FL. Spent 2017-2020 creating marketing channels for real estate industry in Los Angeles, CA. Currently she travels a lot writing articles for many magazines and blogs all over the world.<br \/>\n<strong>Twitter<\/strong>: <a href=\"https:\/\/twitter.com\/MiixSephora\" target=\"_blank\" rel=\"nofollow noopener\">https:\/\/twitter.com\/MiixSephora<\/a><br \/>\n<strong>Linkedin:<\/strong> <a href=\"https:\/\/www.linkedin.com\/in\/miix-sephora\/\" target=\"_blank\" rel=\"nofollow noopener\">https:\/\/www.linkedin.com\/in\/miix-sephora\/<\/a><br \/>\n<\/span><\/span><\/p>\n<p>&nbsp;<\/p>\n<h2>Pawe\u0142 Nowak<\/h2>\n<p><img data-recalc-dims=\"1\" loading=\"lazy\" decoding=\"async\" class=\"size-full wp-image-23 alignleft\" src=\"https:\/\/i0.wp.com\/oxfordwisefinance.com\/blog\/wp-content\/uploads\/2022\/08\/002068.jpg?resize=110%2C110&#038;ssl=1\" alt=\"Pawe\u0142 Nowak\" width=\"110\" height=\"110\" srcset=\"https:\/\/i0.wp.com\/oxfordwisefinance.com\/blog\/wp-content\/uploads\/2022\/08\/002068.jpg?w=110&amp;ssl=1 110w, https:\/\/i0.wp.com\/oxfordwisefinance.com\/blog\/wp-content\/uploads\/2022\/08\/002068.jpg?resize=70%2C70&amp;ssl=1 70w\" sizes=\"auto, (max-width: 110px) 100vw, 110px\" \/>The only man in our content team \ud83d\ude42 Pawe\u0142 is an economist by profession. In his work and articles, he deals with topics related to finance, management, marketing as well as macro and micro economics. He also loves traveling, healthy eating and sports, which also influences his knowledge and texts, which he has been writing professionally for 10 years.<br \/>\n<strong>Pinterest:<\/strong> <a href=\"https:\/\/pinterest.com\/nowak2562\/\" target=\"_blank\" rel=\"nofollow noopener\">https:\/\/pinterest.com\/nowak2562\/<\/a><br \/>\n<strong>Facebook: <\/strong><a href=\"https:\/\/www.facebook.com\/people\/Pawe-Nowak\/100008159957086\/\" target=\"_blank\" rel=\"nofollow noopener\">https:\/\/www.facebook.com\/people\/Pawe-Nowak\/100008159957086\/<\/a><\/p>\n<p>&nbsp;<\/p>\n<h3>You can also visit our Social Profiles:<\/h3>\n<p><strong>Facebook<\/strong>: <a href=\"https:\/\/www.facebook.com\/instantpaydayloans\" target=\"_blank\" rel=\"nofollow noopener\">https:\/\/www.facebook.com\/instantpaydayloans<\/a><br \/>\n<strong>Twitter<\/strong>: <a href=\"https:\/\/twitter.com\/OxfordWiseLoans\" target=\"_blank\" rel=\"nofollow noopener\">https:\/\/twitter.com\/OxfordWiseLoans<\/a><\/p>\n","protected":false},"excerpt":{"rendered":"<p>Our professional team provides all helpful and informative articles just for you. [&hellip;]<\/p>\n","protected":false},"author":1,"featured_media":0,"parent":0,"menu_order":0,"comment_status":"closed","ping_status":"closed","template":"","meta":{"nf_dc_page":"","pagelayer_contact_templates":[],"_pagelayer_content":"","iawp_total_views":2,"footnotes":""},"class_list":{"0":"post-755","1":"page","2":"type-page","3":"status-publish","5":"col-md-12"},"yoast_head":"<!-- This site is optimized with the Yoast SEO plugin v27.4 - https:\/\/yoast.com\/product\/yoast-seo-wordpress\/ -->\n<title>Our Authors - Blog - Oxford Wise Finance<\/title>\n<meta name=\"robots\" content=\"index, follow, max-snippet:-1, max-image-preview:large, max-video-preview:-1\" \/>\n<link rel=\"canonical\" href=\"https:\/\/oxfordwisefinance.com\/blog\/our-authors\/\" \/>\n<meta property=\"og:locale\" content=\"en_US\" \/>\n<meta property=\"og:type\" content=\"article\" \/>\n<meta property=\"og:title\" content=\"Our Authors - Blog - Oxford Wise Finance\" \/>\n<meta property=\"og:description\" content=\"Our professional team provides all helpful and informative articles just for you. [&hellip;]\" \/>\n<meta property=\"og:url\" content=\"https:\/\/oxfordwisefinance.com\/blog\/our-authors\/\" \/>\n<meta property=\"og:site_name\" content=\"Blog - Oxford Wise Finance\" \/>\n<meta property=\"article:modified_time\" content=\"2022-12-22T17:15:29+00:00\" \/>\n<meta property=\"og:image\" content=\"https:\/\/oxfordwisefinance.com\/blog\/wp-content\/uploads\/2022\/08\/000966.jpg\" \/>\n<meta name=\"twitter:card\" content=\"summary_large_image\" \/>\n<meta name=\"twitter:label1\" content=\"Est. reading time\" \/>\n\t<meta name=\"twitter:data1\" content=\"3 minutes\" \/>\n<script type=\"application\/ld+json\" class=\"yoast-schema-graph\">{\"@context\":\"https:\\\/\\\/schema.org\",\"@graph\":[{\"@type\":[\"WebPage\",\"ProfilePage\"],\"@id\":\"https:\\\/\\\/oxfordwisefinance.com\\\/blog\\\/our-authors\\\/\",\"url\":\"https:\\\/\\\/oxfordwisefinance.com\\\/blog\\\/our-authors\\\/\",\"name\":\"Our Authors - Blog - Oxford Wise Finance\",\"isPartOf\":{\"@id\":\"https:\\\/\\\/oxfordwisefinance.com\\\/blog\\\/#website\"},\"primaryImageOfPage\":{\"@id\":\"https:\\\/\\\/oxfordwisefinance.com\\\/blog\\\/our-authors\\\/#primaryimage\"},\"image\":{\"@id\":\"https:\\\/\\\/oxfordwisefinance.com\\\/blog\\\/our-authors\\\/#primaryimage\"},\"thumbnailUrl\":\"https:\\\/\\\/oxfordwisefinance.com\\\/blog\\\/wp-content\\\/uploads\\\/2022\\\/08\\\/000966.jpg\",\"datePublished\":\"2022-12-21T17:33:47+00:00\",\"dateModified\":\"2022-12-22T17:15:29+00:00\",\"breadcrumb\":{\"@id\":\"https:\\\/\\\/oxfordwisefinance.com\\\/blog\\\/our-authors\\\/#breadcrumb\"},\"inLanguage\":\"en-US\",\"potentialAction\":[{\"@type\":\"ReadAction\",\"target\":[\"https:\\\/\\\/oxfordwisefinance.com\\\/blog\\\/our-authors\\\/\"]}]},{\"@type\":\"ImageObject\",\"inLanguage\":\"en-US\",\"@id\":\"https:\\\/\\\/oxfordwisefinance.com\\\/blog\\\/our-authors\\\/#primaryimage\",\"url\":\"https:\\\/\\\/i0.wp.com\\\/oxfordwisefinance.com\\\/blog\\\/wp-content\\\/uploads\\\/2022\\\/08\\\/000966.jpg?fit=110%2C110&ssl=1\",\"contentUrl\":\"https:\\\/\\\/i0.wp.com\\\/oxfordwisefinance.com\\\/blog\\\/wp-content\\\/uploads\\\/2022\\\/08\\\/000966.jpg?fit=110%2C110&ssl=1\",\"width\":110,\"height\":110,\"caption\":\"Jerome Casey\"},{\"@type\":\"BreadcrumbList\",\"@id\":\"https:\\\/\\\/oxfordwisefinance.com\\\/blog\\\/our-authors\\\/#breadcrumb\",\"itemListElement\":[{\"@type\":\"ListItem\",\"position\":1,\"name\":\"Home\",\"item\":\"https:\\\/\\\/oxfordwisefinance.com\\\/blog\\\/\"},{\"@type\":\"ListItem\",\"position\":2,\"name\":\"Our Authors\"}]},{\"@type\":\"WebSite\",\"@id\":\"https:\\\/\\\/oxfordwisefinance.com\\\/blog\\\/#website\",\"url\":\"https:\\\/\\\/oxfordwisefinance.com\\\/blog\\\/\",\"name\":\"Blog - Oxford Wise Finance\",\"description\":\"\",\"potentialAction\":[{\"@type\":\"SearchAction\",\"target\":{\"@type\":\"EntryPoint\",\"urlTemplate\":\"https:\\\/\\\/oxfordwisefinance.com\\\/blog\\\/?s={search_term_string}\"},\"query-input\":{\"@type\":\"PropertyValueSpecification\",\"valueRequired\":true,\"valueName\":\"search_term_string\"}}],\"inLanguage\":\"en-US\"}]}<\/script>\n<!-- \/ Yoast SEO plugin. -->","yoast_head_json":{"title":"Our Authors - Blog - Oxford Wise Finance","robots":{"index":"index","follow":"follow","max-snippet":"max-snippet:-1","max-image-preview":"max-image-preview:large","max-video-preview":"max-video-preview:-1"},"canonical":"https:\/\/oxfordwisefinance.com\/blog\/our-authors\/","og_locale":"en_US","og_type":"article","og_title":"Our Authors - Blog - Oxford Wise Finance","og_description":"Our professional team provides all helpful and informative articles just for you. [&hellip;]","og_url":"https:\/\/oxfordwisefinance.com\/blog\/our-authors\/","og_site_name":"Blog - Oxford Wise Finance","article_modified_time":"2022-12-22T17:15:29+00:00","og_image":[{"url":"https:\/\/oxfordwisefinance.com\/blog\/wp-content\/uploads\/2022\/08\/000966.jpg","type":"","width":"","height":""}],"twitter_card":"summary_large_image","twitter_misc":{"Est. reading time":"3 minutes"},"schema":{"@context":"https:\/\/schema.org","@graph":[{"@type":["WebPage","ProfilePage"],"@id":"https:\/\/oxfordwisefinance.com\/blog\/our-authors\/","url":"https:\/\/oxfordwisefinance.com\/blog\/our-authors\/","name":"Our Authors - Blog - Oxford Wise Finance","isPartOf":{"@id":"https:\/\/oxfordwisefinance.com\/blog\/#website"},"primaryImageOfPage":{"@id":"https:\/\/oxfordwisefinance.com\/blog\/our-authors\/#primaryimage"},"image":{"@id":"https:\/\/oxfordwisefinance.com\/blog\/our-authors\/#primaryimage"},"thumbnailUrl":"https:\/\/oxfordwisefinance.com\/blog\/wp-content\/uploads\/2022\/08\/000966.jpg","datePublished":"2022-12-21T17:33:47+00:00","dateModified":"2022-12-22T17:15:29+00:00","breadcrumb":{"@id":"https:\/\/oxfordwisefinance.com\/blog\/our-authors\/#breadcrumb"},"inLanguage":"en-US","potentialAction":[{"@type":"ReadAction","target":["https:\/\/oxfordwisefinance.com\/blog\/our-authors\/"]}]},{"@type":"ImageObject","inLanguage":"en-US","@id":"https:\/\/oxfordwisefinance.com\/blog\/our-authors\/#primaryimage","url":"https:\/\/i0.wp.com\/oxfordwisefinance.com\/blog\/wp-content\/uploads\/2022\/08\/000966.jpg?fit=110%2C110&ssl=1","contentUrl":"https:\/\/i0.wp.com\/oxfordwisefinance.com\/blog\/wp-content\/uploads\/2022\/08\/000966.jpg?fit=110%2C110&ssl=1","width":110,"height":110,"caption":"Jerome Casey"},{"@type":"BreadcrumbList","@id":"https:\/\/oxfordwisefinance.com\/blog\/our-authors\/#breadcrumb","itemListElement":[{"@type":"ListItem","position":1,"name":"Home","item":"https:\/\/oxfordwisefinance.com\/blog\/"},{"@type":"ListItem","position":2,"name":"Our Authors"}]},{"@type":"WebSite","@id":"https:\/\/oxfordwisefinance.com\/blog\/#website","url":"https:\/\/oxfordwisefinance.com\/blog\/","name":"Blog - Oxford Wise Finance","description":"","potentialAction":[{"@type":"SearchAction","target":{"@type":"EntryPoint","urlTemplate":"https:\/\/oxfordwisefinance.com\/blog\/?s={search_term_string}"},"query-input":{"@type":"PropertyValueSpecification","valueRequired":true,"valueName":"search_term_string"}}],"inLanguage":"en-US"}]}},"jetpack_sharing_enabled":true,"_links":{"self":[{"href":"https:\/\/oxfordwisefinance.com\/blog\/wp-json\/wp\/v2\/pages\/755","targetHints":{"allow":["GET"]}}],"collection":[{"href":"https:\/\/oxfordwisefinance.com\/blog\/wp-json\/wp\/v2\/pages"}],"about":[{"href":"https:\/\/oxfordwisefinance.com\/blog\/wp-json\/wp\/v2\/types\/page"}],"author":[{"embeddable":true,"href":"https:\/\/oxfordwisefinance.com\/blog\/wp-json\/wp\/v2\/users\/1"}],"replies":[{"embeddable":true,"href":"https:\/\/oxfordwisefinance.com\/blog\/wp-json\/wp\/v2\/comments?post=755"}],"version-history":[{"count":4,"href":"https:\/\/oxfordwisefinance.com\/blog\/wp-json\/wp\/v2\/pages\/755\/revisions"}],"predecessor-version":[{"id":762,"href":"https:\/\/oxfordwisefinance.com\/blog\/wp-json\/wp\/v2\/pages\/755\/revisions\/762"}],"wp:attachment":[{"href":"https:\/\/oxfordwisefinance.com\/blog\/wp-json\/wp\/v2\/media?parent=755"}],"curies":[{"name":"wp","href":"https:\/\/api.w.org\/{rel}","templated":true}]}}